{"id":3992,"date":"2021-07-13T08:42:25","date_gmt":"2021-07-13T13:42:25","guid":{"rendered":"https:\/\/fluxmouvement.com\/?page_id=3992"},"modified":"2024-09-07T15:28:11","modified_gmt":"2024-09-07T20:28:11","slug":"about","status":"publish","type":"page","link":"https:\/\/fluxmouvement.com\/en\/about\/","title":{"rendered":"About"},"content":{"rendered":"<div id='av_section_1'  class='avia-section av-95901m-150782ab925599235090944d2731f810 main_color avia-section-large avia-no-border-styling  avia-builder-el-0  el_before_av_section  avia-builder-el-first  avia-bg-style-scroll container_wrap fullsize'  ><div class='container av-section-cont-open' ><main  role=\"main\" itemprop=\"mainContentOfPage\"  class='template-page content  av-content-full alpha units'><div class='post-entry post-entry-type-page post-entry-3992'><div class='entry-content-wrapper clearfix'>\n\n<style type=\"text\/css\" data-created_by=\"avia_inline_auto\" id=\"style-css-av-wgb4i-212879d982ba922de69fe0d379559a25\">\n#top .av-special-heading.av-wgb4i-212879d982ba922de69fe0d379559a25{\npadding-bottom:20px;\ncolor:#55adbd;\nfont-size:40px;\n}\nbody .av-special-heading.av-wgb4i-212879d982ba922de69fe0d379559a25 .av-special-heading-tag .heading-char{\nfont-size:25px;\n}\n#top #wrap_all .av-special-heading.av-wgb4i-212879d982ba922de69fe0d379559a25 .av-special-heading-tag{\nfont-size:40px;\n}\n.av-special-heading.av-wgb4i-212879d982ba922de69fe0d379559a25 .special-heading-inner-border{\nborder-color:#55adbd;\n}\n.av-special-heading.av-wgb4i-212879d982ba922de69fe0d379559a25 .av-subheading{\nfont-size:15px;\n}\n\n@media only screen and (min-width: 480px) and (max-width: 767px){ \n#top #wrap_all .av-special-heading.av-wgb4i-212879d982ba922de69fe0d379559a25 .av-special-heading-tag{\nfont-size:0.8em;\n}\n}\n\n@media only screen and (max-width: 479px){ \n#top #wrap_all .av-special-heading.av-wgb4i-212879d982ba922de69fe0d379559a25 .av-special-heading-tag{\nfont-size:0.8em;\n}\n}\n<\/style>\n<div  class='av-special-heading av-wgb4i-212879d982ba922de69fe0d379559a25 av-special-heading-h1 custom-color-heading blockquote modern-quote  avia-builder-el-1  el_before_av_hr  avia-builder-el-first  av-inherit-size'><h1 class='av-special-heading-tag '  itemprop=\"headline\"  >Marie-France Garon, B.A., D.O.<\/h1><div class=\"special-heading-border\"><div class=\"special-heading-inner-border\"><\/div><\/div><\/div>\n\n<style type=\"text\/css\" data-created_by=\"avia_inline_auto\" id=\"style-css-av-8wgat6-d87e5ada1c612ef0c7495aa9e504843b\">\n#top .hr.av-8wgat6-d87e5ada1c612ef0c7495aa9e504843b{\nmargin-top:10px;\nmargin-bottom:10px;\n}\n.hr.av-8wgat6-d87e5ada1c612ef0c7495aa9e504843b .hr-inner{\nwidth:50px;\nborder-color:#000000;\n}\n<\/style>\n<div  class='hr av-8wgat6-d87e5ada1c612ef0c7495aa9e504843b hr-custom  avia-builder-el-2  el_after_av_heading  el_before_av_one_third  hr-left hr-icon-no'><span class='hr-inner inner-border-av-border-fat'><span class=\"hr-inner-style\"><\/span><\/span><\/div>\n\n<style type=\"text\/css\" data-created_by=\"avia_inline_auto\" id=\"style-css-av-kqa4vkrv-7a200300d013db13efb9cf98df422229\">\n.flex_column.av-kqa4vkrv-7a200300d013db13efb9cf98df422229{\nborder-radius:0px 0px 0px 0px;\npadding:0px 0px 0px 0px;\n}\n<\/style>\n<div  class='flex_column av-kqa4vkrv-7a200300d013db13efb9cf98df422229 av_one_third  avia-builder-el-3  el_after_av_hr  el_before_av_two_third  first flex_column_div av-zero-column-padding  '     ><style type=\"text\/css\" data-created_by=\"avia_inline_auto\" id=\"style-css-av-kqa4vu8d-7a9cbc6abb9f6e60b6aa5545a1c96e7f\">\n.avia-image-container.av-kqa4vu8d-7a9cbc6abb9f6e60b6aa5545a1c96e7f img.avia_image{\nbox-shadow:none;\n}\n.avia-image-container.av-kqa4vu8d-7a9cbc6abb9f6e60b6aa5545a1c96e7f .av-image-caption-overlay-center{\ncolor:#ffffff;\n}\n<\/style>\n<div  class='avia-image-container av-kqa4vu8d-7a9cbc6abb9f6e60b6aa5545a1c96e7f av-styling- avia-align-center  avia-builder-el-4  avia-builder-el-no-sibling '   itemprop=\"image\" itemscope=\"itemscope\" itemtype=\"https:\/\/schema.org\/ImageObject\" ><div class=\"avia-image-container-inner\"><div class=\"avia-image-overlay-wrap\"><img decoding=\"async\" fetchpriority=\"high\" class='wp-image-4328 avia-img-lazy-loading-not-4328 avia_image ' src=\"https:\/\/fluxmouvement.com\/wp-content\/uploads\/2021\/09\/2B67B21E-2D52-4F4A-B3D1-A8B297DC8B9E.jpeg\" alt='' title='OLYMPUS DIGITAL CAMERA'  height=\"1024\" width=\"680\"  itemprop=\"thumbnailUrl\" srcset=\"https:\/\/fluxmouvement.com\/wp-content\/uploads\/2021\/09\/2B67B21E-2D52-4F4A-B3D1-A8B297DC8B9E.jpeg 680w, https:\/\/fluxmouvement.com\/wp-content\/uploads\/2021\/09\/2B67B21E-2D52-4F4A-B3D1-A8B297DC8B9E-199x300.jpeg 199w, https:\/\/fluxmouvement.com\/wp-content\/uploads\/2021\/09\/2B67B21E-2D52-4F4A-B3D1-A8B297DC8B9E-468x705.jpeg 468w\" sizes=\"(max-width: 680px) 100vw, 680px\" \/><\/div><\/div><\/div><\/div>\n<style type=\"text\/css\" data-created_by=\"avia_inline_auto\" id=\"style-css-av-8nkdu2-c21c9ea5615d062c85be75a1b9cdc167\">\n.flex_column.av-8nkdu2-c21c9ea5615d062c85be75a1b9cdc167{\nborder-radius:0px 0px 0px 0px;\npadding:0px 0px 0px 0px;\n}\n<\/style>\n<div  class='flex_column av-8nkdu2-c21c9ea5615d062c85be75a1b9cdc167 av_two_third  avia-builder-el-5  el_after_av_one_third  avia-builder-el-last  flex_column_div av-zero-column-padding  '     ><section  class='av_textblock_section av-un8j6-033034ac4af6d6a744e3c6b9d2202e9c '   itemscope=\"itemscope\" itemtype=\"https:\/\/schema.org\/CreativeWork\" ><div class='avia_textblock'  itemprop=\"text\" ><p class=\"p1\">I have always been interested in movement. When I was very young, I performed my first choreographies at school, then they took place on the ice, and at the Place des arts &#8230; Subsequently, I began to write about dance, to talk about it on the radio and study it at Concordia University. Now I am exploring movement through Pilates, Yoga, Feldenkrais, Qi Gong, Body-Mind Centering, and Osteopathy. Recently, I took courses at the naturopathic training institute, in order to deepen my knowledge about nutrition.<\/p>\n<p class=\"p1\">I graduated from the Academy of Osteopathy of Montreal, in the full-time program (with master paper: Osteopathic approach to hypothyroidism). I am also certified as a Kinesio Taping, Neuro Kinetic Therapy and lymphatic drainage therapist, Vodder method. I also took post-graduate training in pediatrics, posturology, integrated respiratory rehabilitation and concussion treatment.<\/p>\n<p class=\"p1\">In Pilates, I am certified by the STOTT and Ann McMillan Pilates methods. For several years, I have been teaching various Pilates courses on the floor, with various accessories (Swiss ball, Foam roll, elastic band, etc.). I have also followed several post-graduate training courses (yogalates, functional assessment, back pain, fragile necks) The courses I offer, in groups or in private, can be adapted according to individual needs, whether for pregnant women or for people who are in rehabilitation following an accident or postural problems. In addition to the regular classes, I also gave some specific workshops on Abs and back health. I also have a bachelor&#8217;s degree in Fine Arts from Concordia University, with a emphasis in Contemporary Dance.<\/p>\n<p class=\"p1\">One of my goals is to share my knowledge and bring people to a better understanding of their human biomechanics, in search of a Corpore Sano, to quote the poet Juv\u00e9nal.<\/p>\n<\/div><\/section><br \/>\n\n<style type=\"text\/css\" data-created_by=\"avia_inline_auto\" id=\"style-css-av-8ey0zu-f5736fb58fcbcd34e6d00cb815404d55\">\n#top .hr.hr-invisible.av-8ey0zu-f5736fb58fcbcd34e6d00cb815404d55{\nheight:30px;\n}\n<\/style>\n<div  class='hr av-8ey0zu-f5736fb58fcbcd34e6d00cb815404d55 hr-invisible  avia-builder-el-7  el_after_av_textblock  avia-builder-el-last '><span class='hr-inner '><span class=\"hr-inner-style\"><\/span><\/span><\/div><\/p><\/div><\/div><\/div><\/main><!-- close content main element --><\/div><\/div>\n<style type=\"text\/css\" data-created_by=\"avia_inline_auto\" id=\"style-css-av-kqgtaqrp-12c3bd6dcf77cc084b4ab341f301f32c\">\n.avia-section.av-kqgtaqrp-12c3bd6dcf77cc084b4ab341f301f32c{\nbackground-color:#adadad;\nbackground-image:unset;\n}\n<\/style>\n<div id='av_section_2'  class='avia-section av-kqgtaqrp-12c3bd6dcf77cc084b4ab341f301f32c main_color avia-section-default avia-no-border-styling  avia-builder-el-8  el_after_av_section  el_before_av_section  avia-bg-style-scroll container_wrap fullsize'  ><div class='container av-section-cont-open' ><div class='template-page content  av-content-full alpha units'><div class='post-entry post-entry-type-page post-entry-3992'><div class='entry-content-wrapper clearfix'>\n\n<style type=\"text\/css\" data-created_by=\"avia_inline_auto\" id=\"style-css-av-d8fpu-2750bcf116719c73e47b1049c74c0b28\">\n.flex_column.av-d8fpu-2750bcf116719c73e47b1049c74c0b28{\nborder-radius:0px 0px 0px 0px;\npadding:0px 0px 0px 0px;\n}\n<\/style>\n<div  class='flex_column av-d8fpu-2750bcf116719c73e47b1049c74c0b28 av_one_fifth  avia-builder-el-9  el_before_av_two_third  avia-builder-el-first  first flex_column_div av-zero-column-padding  '     ><\/div>\n<style type=\"text\/css\" data-created_by=\"avia_inline_auto\" id=\"style-css-av-958c2-f99e33359e14cda79ca6dd15e08e5272\">\n.flex_column.av-958c2-f99e33359e14cda79ca6dd15e08e5272{\nborder-radius:0px 0px 0px 0px;\npadding:0px 0px 0px 0px;\n}\n<\/style>\n<div  class='flex_column av-958c2-f99e33359e14cda79ca6dd15e08e5272 av_two_third  avia-builder-el-10  el_after_av_one_fifth  avia-builder-el-last  flex_column_div av-zero-column-padding  '     ><style type=\"text\/css\" data-created_by=\"avia_inline_auto\" id=\"style-css-av-kqgt6lu4-2a28da501924936c9282a4379fd74e5c\">\n#top .av_textblock_section.av-kqgt6lu4-2a28da501924936c9282a4379fd74e5c .avia_textblock{\ncolor:#ffffff;\n}\n<\/style>\n<section  class='av_textblock_section av-kqgt6lu4-2a28da501924936c9282a4379fd74e5c '   itemscope=\"itemscope\" itemtype=\"https:\/\/schema.org\/CreativeWork\" ><div class='avia_textblock av_inherit_color'  itemprop=\"text\" ><blockquote>\n<p class=\"p2\">Practicing the profession of osteopath or Pilates instructor requires staying abreast of the latest knowledge on health and movement.<\/p>\n<p class=\"p2\">Even though the body has not evolved for centuries, our understanding has grown considerably.<\/p>\n<\/blockquote>\n<\/div><\/section><\/div>\n<\/p>\n<\/div><\/div><\/div><!-- close content main div --><\/div><\/div><div id='av_section_3'  class='avia-section av-7m3rm-f7069e69004a989500ae18ba82256008 main_color avia-section-default avia-no-border-styling  avia-builder-el-12  el_after_av_section  avia-builder-el-last  avia-bg-style-scroll container_wrap fullsize'  ><div class='container av-section-cont-open' ><div class='template-page content  av-content-full alpha units'><div class='post-entry post-entry-type-page post-entry-3992'><div class='entry-content-wrapper clearfix'>\n\n<style type=\"text\/css\" data-created_by=\"avia_inline_auto\" id=\"style-css-av-65rvgq-e3a31152b6476098d9206c87b78915d5\">\n#top .av-special-heading.av-65rvgq-e3a31152b6476098d9206c87b78915d5{\npadding-bottom:0;\ncolor:#55adbd;\nfont-size:40px;\n}\nbody .av-special-heading.av-65rvgq-e3a31152b6476098d9206c87b78915d5 .av-special-heading-tag .heading-char{\nfont-size:25px;\n}\n#top #wrap_all .av-special-heading.av-65rvgq-e3a31152b6476098d9206c87b78915d5 .av-special-heading-tag{\nfont-size:40px;\n}\n.av-special-heading.av-65rvgq-e3a31152b6476098d9206c87b78915d5 .special-heading-inner-border{\nborder-color:#55adbd;\n}\n.av-special-heading.av-65rvgq-e3a31152b6476098d9206c87b78915d5 .av-subheading{\nfont-size:15px;\n}\n\n@media only screen and (min-width: 480px) and (max-width: 767px){ \n#top #wrap_all .av-special-heading.av-65rvgq-e3a31152b6476098d9206c87b78915d5 .av-special-heading-tag{\nfont-size:0.8em;\n}\n}\n\n@media only screen and (max-width: 479px){ \n#top #wrap_all .av-special-heading.av-65rvgq-e3a31152b6476098d9206c87b78915d5 .av-special-heading-tag{\nfont-size:0.8em;\n}\n}\n<\/style>\n<div  class='av-special-heading av-65rvgq-e3a31152b6476098d9206c87b78915d5 av-special-heading-h2 custom-color-heading blockquote modern-quote  avia-builder-el-13  el_before_av_three_fourth  avia-builder-el-first  av-inherit-size'><h2 class='av-special-heading-tag '  itemprop=\"headline\"  >My philosophy<\/h2><div class=\"special-heading-border\"><div class=\"special-heading-inner-border\"><\/div><\/div><\/div>\n\n<style type=\"text\/css\" data-created_by=\"avia_inline_auto\" id=\"style-css-av-kqa4z29t-4a43bd1a68c35843ab6b17e6e47dc851\">\n.flex_column.av-kqa4z29t-4a43bd1a68c35843ab6b17e6e47dc851{\nborder-radius:0px 0px 0px 0px;\npadding:0px 0px 0px 0px;\n}\n<\/style>\n<div  class='flex_column av-kqa4z29t-4a43bd1a68c35843ab6b17e6e47dc851 av_three_fourth  avia-builder-el-14  el_after_av_heading  el_before_av_hr  first flex_column_div av-zero-column-padding  '     ><section  class='av_textblock_section av-5twhnu-9765c4f34bc86592e1d66adb8967c964 '   itemscope=\"itemscope\" itemtype=\"https:\/\/schema.org\/CreativeWork\" ><div class='avia_textblock'  itemprop=\"text\" ><p class=\"p1\">For those who have worked with me before, I am not a military type, but rather an intuitive type. I try to establish a dialogue in order to let the information emerge in a more spontaneous way. Still working with a framework, it is rather flexible and can be modified according to needs, feelings and discoveries. It is always an excursion that varies from person to person. Being in contact with your body, whether in performance, in curiosity or in necessity, it is always an encounter with the whole being in its physical but also psychic dimension.<\/p>\n<\/div><\/section><\/div>\n<style type=\"text\/css\" data-created_by=\"avia_inline_auto\" id=\"style-css-av-5yy50i-9b95d220cdf9c21bc1b46ba37e2c42ba\">\n#top .hr.av-5yy50i-9b95d220cdf9c21bc1b46ba37e2c42ba{\nmargin-top:10px;\nmargin-bottom:10px;\n}\n.hr.av-5yy50i-9b95d220cdf9c21bc1b46ba37e2c42ba .hr-inner{\nwidth:50px;\nborder-color:#000000;\n}\n<\/style>\n<div  class='hr av-5yy50i-9b95d220cdf9c21bc1b46ba37e2c42ba hr-custom  avia-builder-el-16  el_after_av_three_fourth  el_before_av_three_fourth  hr-left hr-icon-no'><span class='hr-inner inner-border-av-border-fat'><span class=\"hr-inner-style\"><\/span><\/span><\/div>\n\n<style type=\"text\/css\" data-created_by=\"avia_inline_auto\" id=\"style-css-av-329kbc-f1de21a9f41c84c4509cfa38cff38d54\">\n.flex_column.av-329kbc-f1de21a9f41c84c4509cfa38cff38d54{\nborder-radius:0px 0px 0px 0px;\npadding:0px 0px 0px 0px;\n}\n<\/style>\n<div  class='flex_column av-329kbc-f1de21a9f41c84c4509cfa38cff38d54 av_three_fourth  avia-builder-el-17  el_after_av_hr  avia-builder-el-last  first flex_column_div av-zero-column-padding  '     ><section  class='av_textblock_section av-kr24aa8l-2158416630aa1b7980796fe647571724 '   itemscope=\"itemscope\" itemtype=\"https:\/\/schema.org\/CreativeWork\" ><div class='avia_textblock'  itemprop=\"text\" ><p class=\"p1\">I am a member of the Association des osteopathes RITMA # 2535 and the Association des naturoth\u00e9rapeutes du Qu\u00e9bec #NA-4780.<\/p>\n<\/div><\/section><\/div>\n\n","protected":false},"excerpt":{"rendered":"","protected":false},"author":2,"featured_media":0,"parent":0,"menu_order":0,"comment_status":"closed","ping_status":"closed","template":"","meta":{"footnotes":""},"class_list":["post-3992","page","type-page","status-publish","hentry"],"yoast_head":"<!-- This site is optimized with the Yoast SEO plugin v27.4 - https:\/\/yoast.com\/product\/yoast-seo-wordpress\/ -->\n<title>About - Marie-France Garon : ost\u00e9opathie et pilates<\/title>\n<meta name=\"robots\" content=\"index, follow, max-snippet:-1, max-image-preview:large, max-video-preview:-1\" \/>\n<link rel=\"canonical\" href=\"https:\/\/fluxmouvement.com\/en\/about\/\" \/>\n<meta property=\"og:locale\" content=\"en_US\" \/>\n<meta property=\"og:type\" content=\"article\" \/>\n<meta property=\"og:title\" content=\"About - Marie-France Garon : ost\u00e9opathie et pilates\" \/>\n<meta property=\"og:url\" content=\"https:\/\/fluxmouvement.com\/en\/about\/\" \/>\n<meta property=\"og:site_name\" content=\"Marie-France Garon : ost\u00e9opathie et pilates\" \/>\n<meta property=\"article:modified_time\" content=\"2024-09-07T20:28:11+00:00\" \/>\n<meta property=\"og:image\" content=\"https:\/\/fluxmouvement.com\/wp-content\/uploads\/2021\/06\/WEB_M-F_10.jpeg\" \/>\n\t<meta property=\"og:image:width\" content=\"2000\" \/>\n\t<meta property=\"og:image:height\" content=\"1335\" \/>\n\t<meta property=\"og:image:type\" content=\"image\/jpeg\" \/>\n<meta name=\"twitter:card\" content=\"summary_large_image\" \/>\n<meta name=\"twitter:label1\" content=\"Est. reading time\" \/>\n\t<meta name=\"twitter:data1\" content=\"3 minutes\" \/>\n<script type=\"application\/ld+json\" class=\"yoast-schema-graph\">{\"@context\":\"https:\\\/\\\/schema.org\",\"@graph\":[{\"@type\":\"WebPage\",\"@id\":\"https:\\\/\\\/fluxmouvement.com\\\/en\\\/about\\\/\",\"url\":\"https:\\\/\\\/fluxmouvement.com\\\/en\\\/about\\\/\",\"name\":\"About - Marie-France Garon : ost\u00e9opathie et pilates\",\"isPartOf\":{\"@id\":\"https:\\\/\\\/fluxmouvement.com\\\/en\\\/#website\"},\"datePublished\":\"2021-07-13T13:42:25+00:00\",\"dateModified\":\"2024-09-07T20:28:11+00:00\",\"breadcrumb\":{\"@id\":\"https:\\\/\\\/fluxmouvement.com\\\/en\\\/about\\\/#breadcrumb\"},\"inLanguage\":\"en-US\",\"potentialAction\":[{\"@type\":\"ReadAction\",\"target\":[\"https:\\\/\\\/fluxmouvement.com\\\/en\\\/about\\\/\"]}]},{\"@type\":\"BreadcrumbList\",\"@id\":\"https:\\\/\\\/fluxmouvement.com\\\/en\\\/about\\\/#breadcrumb\",\"itemListElement\":[{\"@type\":\"ListItem\",\"position\":1,\"name\":\"Home\",\"item\":\"https:\\\/\\\/fluxmouvement.com\\\/en\\\/home\\\/\"},{\"@type\":\"ListItem\",\"position\":2,\"name\":\"About\"}]},{\"@type\":\"WebSite\",\"@id\":\"https:\\\/\\\/fluxmouvement.com\\\/en\\\/#website\",\"url\":\"https:\\\/\\\/fluxmouvement.com\\\/en\\\/\",\"name\":\"Marie-France Garon : ost\u00e9opathie et pilates\",\"description\":\"Site des services offerts par Marie-France Garon : s\u00e9ances d&#039;ost\u00e9opathie et cours de pilates, \u00e0 Montr\u00e9al. R\u00e9servez en ligne d\u00e8s maintenant.\",\"publisher\":{\"@id\":\"https:\\\/\\\/fluxmouvement.com\\\/en\\\/#\\\/schema\\\/person\\\/f712f76023ae73602bb89760fca2304e\"},\"potentialAction\":[{\"@type\":\"SearchAction\",\"target\":{\"@type\":\"EntryPoint\",\"urlTemplate\":\"https:\\\/\\\/fluxmouvement.com\\\/en\\\/?s={search_term_string}\"},\"query-input\":{\"@type\":\"PropertyValueSpecification\",\"valueRequired\":true,\"valueName\":\"search_term_string\"}}],\"inLanguage\":\"en-US\"},{\"@type\":[\"Person\",\"Organization\"],\"@id\":\"https:\\\/\\\/fluxmouvement.com\\\/en\\\/#\\\/schema\\\/person\\\/f712f76023ae73602bb89760fca2304e\",\"name\":\"fluxmouvement\",\"image\":{\"@type\":\"ImageObject\",\"inLanguage\":\"en-US\",\"@id\":\"https:\\\/\\\/secure.gravatar.com\\\/avatar\\\/e7b143cb2db54bb8530e953135dc396634715fdf46c3a20fb313535ded39f343?s=96&d=mm&r=g\",\"url\":\"https:\\\/\\\/secure.gravatar.com\\\/avatar\\\/e7b143cb2db54bb8530e953135dc396634715fdf46c3a20fb313535ded39f343?s=96&d=mm&r=g\",\"contentUrl\":\"https:\\\/\\\/secure.gravatar.com\\\/avatar\\\/e7b143cb2db54bb8530e953135dc396634715fdf46c3a20fb313535ded39f343?s=96&d=mm&r=g\",\"caption\":\"fluxmouvement\"},\"logo\":{\"@id\":\"https:\\\/\\\/secure.gravatar.com\\\/avatar\\\/e7b143cb2db54bb8530e953135dc396634715fdf46c3a20fb313535ded39f343?s=96&d=mm&r=g\"}}]}<\/script>\n<!-- \/ Yoast SEO plugin. -->","yoast_head_json":{"title":"About - Marie-France Garon : ost\u00e9opathie et pilates","robots":{"index":"index","follow":"follow","max-snippet":"max-snippet:-1","max-image-preview":"max-image-preview:large","max-video-preview":"max-video-preview:-1"},"canonical":"https:\/\/fluxmouvement.com\/en\/about\/","og_locale":"en_US","og_type":"article","og_title":"About - Marie-France Garon : ost\u00e9opathie et pilates","og_url":"https:\/\/fluxmouvement.com\/en\/about\/","og_site_name":"Marie-France Garon : ost\u00e9opathie et pilates","article_modified_time":"2024-09-07T20:28:11+00:00","og_image":[{"width":2000,"height":1335,"url":"https:\/\/fluxmouvement.com\/wp-content\/uploads\/2021\/06\/WEB_M-F_10.jpeg","type":"image\/jpeg"}],"twitter_card":"summary_large_image","twitter_misc":{"Est. reading time":"3 minutes"},"schema":{"@context":"https:\/\/schema.org","@graph":[{"@type":"WebPage","@id":"https:\/\/fluxmouvement.com\/en\/about\/","url":"https:\/\/fluxmouvement.com\/en\/about\/","name":"About - Marie-France Garon : ost\u00e9opathie et pilates","isPartOf":{"@id":"https:\/\/fluxmouvement.com\/en\/#website"},"datePublished":"2021-07-13T13:42:25+00:00","dateModified":"2024-09-07T20:28:11+00:00","breadcrumb":{"@id":"https:\/\/fluxmouvement.com\/en\/about\/#breadcrumb"},"inLanguage":"en-US","potentialAction":[{"@type":"ReadAction","target":["https:\/\/fluxmouvement.com\/en\/about\/"]}]},{"@type":"BreadcrumbList","@id":"https:\/\/fluxmouvement.com\/en\/about\/#breadcrumb","itemListElement":[{"@type":"ListItem","position":1,"name":"Home","item":"https:\/\/fluxmouvement.com\/en\/home\/"},{"@type":"ListItem","position":2,"name":"About"}]},{"@type":"WebSite","@id":"https:\/\/fluxmouvement.com\/en\/#website","url":"https:\/\/fluxmouvement.com\/en\/","name":"Marie-France Garon : ost\u00e9opathie et pilates","description":"Site des services offerts par Marie-France Garon : s\u00e9ances d&#039;ost\u00e9opathie et cours de pilates, \u00e0 Montr\u00e9al. R\u00e9servez en ligne d\u00e8s maintenant.","publisher":{"@id":"https:\/\/fluxmouvement.com\/en\/#\/schema\/person\/f712f76023ae73602bb89760fca2304e"},"potentialAction":[{"@type":"SearchAction","target":{"@type":"EntryPoint","urlTemplate":"https:\/\/fluxmouvement.com\/en\/?s={search_term_string}"},"query-input":{"@type":"PropertyValueSpecification","valueRequired":true,"valueName":"search_term_string"}}],"inLanguage":"en-US"},{"@type":["Person","Organization"],"@id":"https:\/\/fluxmouvement.com\/en\/#\/schema\/person\/f712f76023ae73602bb89760fca2304e","name":"fluxmouvement","image":{"@type":"ImageObject","inLanguage":"en-US","@id":"https:\/\/secure.gravatar.com\/avatar\/e7b143cb2db54bb8530e953135dc396634715fdf46c3a20fb313535ded39f343?s=96&d=mm&r=g","url":"https:\/\/secure.gravatar.com\/avatar\/e7b143cb2db54bb8530e953135dc396634715fdf46c3a20fb313535ded39f343?s=96&d=mm&r=g","contentUrl":"https:\/\/secure.gravatar.com\/avatar\/e7b143cb2db54bb8530e953135dc396634715fdf46c3a20fb313535ded39f343?s=96&d=mm&r=g","caption":"fluxmouvement"},"logo":{"@id":"https:\/\/secure.gravatar.com\/avatar\/e7b143cb2db54bb8530e953135dc396634715fdf46c3a20fb313535ded39f343?s=96&d=mm&r=g"}}]}},"_links":{"self":[{"href":"https:\/\/fluxmouvement.com\/en\/wp-json\/wp\/v2\/pages\/3992","targetHints":{"allow":["GET"]}}],"collection":[{"href":"https:\/\/fluxmouvement.com\/en\/wp-json\/wp\/v2\/pages"}],"about":[{"href":"https:\/\/fluxmouvement.com\/en\/wp-json\/wp\/v2\/types\/page"}],"author":[{"embeddable":true,"href":"https:\/\/fluxmouvement.com\/en\/wp-json\/wp\/v2\/users\/2"}],"replies":[{"embeddable":true,"href":"https:\/\/fluxmouvement.com\/en\/wp-json\/wp\/v2\/comments?post=3992"}],"version-history":[{"count":20,"href":"https:\/\/fluxmouvement.com\/en\/wp-json\/wp\/v2\/pages\/3992\/revisions"}],"predecessor-version":[{"id":4668,"href":"https:\/\/fluxmouvement.com\/en\/wp-json\/wp\/v2\/pages\/3992\/revisions\/4668"}],"wp:attachment":[{"href":"https:\/\/fluxmouvement.com\/en\/wp-json\/wp\/v2\/media?parent=3992"}],"curies":[{"name":"wp","href":"https:\/\/api.w.org\/{rel}","templated":true}]}}