{"id":3997,"date":"2021-07-13T09:00:39","date_gmt":"2021-07-13T14:00:39","guid":{"rendered":"https:\/\/fluxmouvement.com\/?page_id=3997"},"modified":"2024-05-05T18:19:19","modified_gmt":"2024-05-05T23:19:19","slug":"contact","status":"publish","type":"page","link":"https:\/\/fluxmouvement.com\/en\/contact\/","title":{"rendered":"Contact"},"content":{"rendered":"\n<style type=\"text\/css\" data-created_by=\"avia_inline_auto\" id=\"style-css-av-kqi4b2wa-4153ecd0cad5d7cbe03227f8aea01006\">\n.avia-image-container.av-kqi4b2wa-4153ecd0cad5d7cbe03227f8aea01006 img.avia_image{\nbox-shadow:none;\n}\n.avia-image-container.av-kqi4b2wa-4153ecd0cad5d7cbe03227f8aea01006 .av-image-caption-overlay-center{\ncolor:#ffffff;\n}\n<\/style>\n<div  class='avia-image-container av-kqi4b2wa-4153ecd0cad5d7cbe03227f8aea01006 av-styling- avia-align-center  avia-builder-el-0  el_before_av_section  avia-builder-el-no-sibling '   itemprop=\"image\" itemscope=\"itemscope\" itemtype=\"https:\/\/schema.org\/ImageObject\" ><div class=\"avia-image-container-inner\"><div class=\"avia-image-overlay-wrap\"><img decoding=\"async\" fetchpriority=\"high\" class='wp-image-4582 avia-img-lazy-loading-not-4582 avia_image ' src=\"https:\/\/fluxmouvement.com\/wp-content\/uploads\/2024\/05\/IMG_5230-2-1500x430.jpg\" alt='' title='IMG_5230 2'  height=\"430\" width=\"1500\"  itemprop=\"thumbnailUrl\"  \/><\/div><\/div><\/div>\n<\/div><\/div><\/div><!-- close content main div --><\/div><\/div>\n<style type=\"text\/css\" data-created_by=\"avia_inline_auto\" id=\"style-css-av-38xz4o-20da84ca9dd51e2936529b53912c8617\">\n.avia-section.av-38xz4o-20da84ca9dd51e2936529b53912c8617 .av-extra-border-element .av-extra-border-inner{\nbackground-color:#f8f8f8;\n}\n<\/style>\n<div id='av_section_1'  class='avia-section av-38xz4o-20da84ca9dd51e2936529b53912c8617 main_color avia-section-large avia-no-border-styling  avia-builder-el-1  el_after_av_image  avia-builder-el-last  avia-bg-style-scroll av-arrow-down-section container_wrap fullsize'  ><div class='container av-section-cont-open' ><div class='template-page content  av-content-full alpha units'><div class='post-entry post-entry-type-page post-entry-3997'><div class='entry-content-wrapper clearfix'>\n\n<style type=\"text\/css\" data-created_by=\"avia_inline_auto\" id=\"style-css-av-2uutew-ff9440a58f894585ca3a9be2f4670088\">\n.flex_column.av-2uutew-ff9440a58f894585ca3a9be2f4670088{\nborder-radius:0px 0px 0px 0px;\npadding:0px 0px 0px 0px;\n}\n<\/style>\n<div  class='flex_column av-2uutew-ff9440a58f894585ca3a9be2f4670088 av_one_half  avia-builder-el-2  el_before_av_one_half  avia-builder-el-first  first flex_column_div av-zero-column-padding  '     ><form action=\"https:\/\/fluxmouvement.com\/en\/contact\/\" method=\"post\" data-fields-with-error=\"Found errors in the following field(s):\" class=\"avia_ajax_form av-form-labels-hidden   avia-builder-el-3  avia-builder-el-no-sibling   \" data-avia-form-id=\"1\" data-avia-redirect='' ><h3 class=''>Need some information?<\/h3><fieldset><p class='  first_form  form_element form_element_half' id='element_avia_1_1'><label for=\"avia_1_1\">Name <abbr class=\"required\" title=\"required\">*<\/abbr><\/label> <input name=\"avia_1_1\" class=\"text_input is_empty\" type=\"text\" id=\"avia_1_1\" value=\"\"  placeholder='Name*'\/><\/p><p class='  form_element form_element_half' id='element_avia_2_1'><label for=\"avia_2_1\">Email <abbr class=\"required\" title=\"required\">*<\/abbr><\/label> <input name=\"avia_2_1\" class=\"text_input is_email\" type=\"text\" id=\"avia_2_1\" value=\"\"  placeholder='Email*'\/><\/p><p class='  first_form  form_element form_fullwidth' id='element_avia_3_1'><label for=\"avia_3_1\">Subject <abbr class=\"required\" title=\"required\">*<\/abbr><\/label> <input name=\"avia_3_1\" class=\"text_input is_empty\" type=\"text\" id=\"avia_3_1\" value=\"\"  placeholder='Subject*'\/><\/p><p class='  first_form  form_element form_fullwidth' id='element_avia_4_1'><label for=\"avia_4_1\" class=\"textare_label hidden textare_label_avia_4_1\">Message <abbr class=\"required\" title=\"required\">*<\/abbr><\/label><textarea  placeholder='Message*' name=\"avia_4_1\" class=\"text_area is_empty\" cols=\"40\" rows=\"7\" id=\"avia_4_1\" ><\/textarea><\/p><p class=\"hidden\"><input type=\"text\" name=\"avia_5_1\" class=\"hidden \" id=\"avia_5_1\" value=\"\" \/><\/p><p class='   form_element form_fullwidth' id='element_avia_6_1'><span class='value_verifier_label'>0 + 8 = ?<\/span><input name=\"avia_6_1_verifier\" type=\"hidden\" id=\"avia_6_1_verifier\" value=\"744413687\"\/><label for=\"avia_6_1\">Please prove that you are human by solving the equation <abbr class=\"required\" title=\"required\">*<\/abbr><\/label><input name=\"avia_6_1\" class=\"text_input captcha\" type=\"text\" id=\"avia_6_1\" value=\"\"\/><\/p><p class=\"form_element \"><input type=\"hidden\" value=\"1\" name=\"avia_generated_form1\" \/><input type=\"submit\" value=\"Send\" class=\"button\"  data-sending-label=\"Sending\"\/><\/p><\/fieldset><\/form><div id=\"ajaxresponse_1\" class=\"ajaxresponse ajaxresponse_1 hidden\"><\/div><\/div>\n<style type=\"text\/css\" data-created_by=\"avia_inline_auto\" id=\"style-css-av-1xcgeg-b6925411d23dd0ecfce303779ad6c6f1\">\n.flex_column.av-1xcgeg-b6925411d23dd0ecfce303779ad6c6f1{\nborder-radius:0px 0px 0px 0px;\npadding:0px 0px 0px 0px;\n}\n<\/style>\n<div  class='flex_column av-1xcgeg-b6925411d23dd0ecfce303779ad6c6f1 av_one_half  avia-builder-el-4  el_after_av_one_half  avia-builder-el-last  flex_column_div av-zero-column-padding  '     ><section  class='av_textblock_section av-1qiqq0-8195e0142459dbfd6aee916c3609def1 '   itemscope=\"itemscope\" itemtype=\"https:\/\/schema.org\/CreativeWork\" ><div class='avia_textblock'  itemprop=\"text\" ><h3>CONTACT<\/h3>\n<p>6585 Jeanne-Mance St. Montreal<\/p>\n<p>mfgaron@fluxmouvement.com<br \/>\n514.699.0296<\/p>\n<h4><\/h4>\n<\/div><\/section><\/div>\n","protected":false},"excerpt":{"rendered":"","protected":false},"author":2,"featured_media":0,"parent":0,"menu_order":0,"comment_status":"closed","ping_status":"closed","template":"","meta":{"footnotes":""},"class_list":["post-3997","page","type-page","status-publish","hentry"],"yoast_head":"<!-- This site is optimized with the Yoast SEO plugin v27.4 - https:\/\/yoast.com\/product\/yoast-seo-wordpress\/ -->\n<title>Contact - Marie-France Garon : ost\u00e9opathie et pilates<\/title>\n<meta name=\"description\" content=\"Prendre rendez-vous avec Marie-France Garon, ost\u00e9opathe et instructeure Pilates.\" \/>\n<meta name=\"robots\" content=\"index, follow, max-snippet:-1, max-image-preview:large, max-video-preview:-1\" \/>\n<link rel=\"canonical\" href=\"https:\/\/fluxmouvement.com\/en\/contact\/\" \/>\n<meta property=\"og:locale\" content=\"en_US\" \/>\n<meta property=\"og:type\" content=\"article\" \/>\n<meta property=\"og:title\" content=\"Contact - Marie-France Garon : ost\u00e9opathie et pilates\" \/>\n<meta property=\"og:description\" content=\"Prendre rendez-vous avec Marie-France Garon, ost\u00e9opathe et instructeure Pilates.\" \/>\n<meta property=\"og:url\" content=\"https:\/\/fluxmouvement.com\/en\/contact\/\" \/>\n<meta property=\"og:site_name\" content=\"Marie-France Garon : ost\u00e9opathie et pilates\" \/>\n<meta property=\"article:modified_time\" content=\"2024-05-05T23:19:19+00:00\" \/>\n<meta property=\"og:image\" content=\"https:\/\/fluxmouvement.com\/wp-content\/uploads\/2021\/06\/WEB_M-F_10.jpeg\" \/>\n\t<meta property=\"og:image:width\" content=\"2000\" \/>\n\t<meta property=\"og:image:height\" content=\"1335\" \/>\n\t<meta property=\"og:image:type\" content=\"image\/jpeg\" \/>\n<meta name=\"twitter:card\" content=\"summary_large_image\" \/>\n<meta name=\"twitter:label1\" content=\"Est. reading time\" \/>\n\t<meta name=\"twitter:data1\" content=\"1 minute\" \/>\n<script type=\"application\/ld+json\" class=\"yoast-schema-graph\">{\"@context\":\"https:\\\/\\\/schema.org\",\"@graph\":[{\"@type\":\"WebPage\",\"@id\":\"https:\\\/\\\/fluxmouvement.com\\\/en\\\/contact\\\/\",\"url\":\"https:\\\/\\\/fluxmouvement.com\\\/en\\\/contact\\\/\",\"name\":\"Contact - Marie-France Garon : ost\u00e9opathie et pilates\",\"isPartOf\":{\"@id\":\"https:\\\/\\\/fluxmouvement.com\\\/en\\\/#website\"},\"datePublished\":\"2021-07-13T14:00:39+00:00\",\"dateModified\":\"2024-05-05T23:19:19+00:00\",\"description\":\"Prendre rendez-vous avec Marie-France Garon, ost\u00e9opathe et instructeure Pilates.\",\"breadcrumb\":{\"@id\":\"https:\\\/\\\/fluxmouvement.com\\\/en\\\/contact\\\/#breadcrumb\"},\"inLanguage\":\"en-US\",\"potentialAction\":[{\"@type\":\"ReadAction\",\"target\":[\"https:\\\/\\\/fluxmouvement.com\\\/en\\\/contact\\\/\"]}]},{\"@type\":\"BreadcrumbList\",\"@id\":\"https:\\\/\\\/fluxmouvement.com\\\/en\\\/contact\\\/#breadcrumb\",\"itemListElement\":[{\"@type\":\"ListItem\",\"position\":1,\"name\":\"Home\",\"item\":\"https:\\\/\\\/fluxmouvement.com\\\/en\\\/home\\\/\"},{\"@type\":\"ListItem\",\"position\":2,\"name\":\"Contact\"}]},{\"@type\":\"WebSite\",\"@id\":\"https:\\\/\\\/fluxmouvement.com\\\/en\\\/#website\",\"url\":\"https:\\\/\\\/fluxmouvement.com\\\/en\\\/\",\"name\":\"Marie-France Garon : ost\u00e9opathie et pilates\",\"description\":\"Site des services offerts par Marie-France Garon : s\u00e9ances d&#039;ost\u00e9opathie et cours de pilates, \u00e0 Montr\u00e9al. R\u00e9servez en ligne d\u00e8s maintenant.\",\"publisher\":{\"@id\":\"https:\\\/\\\/fluxmouvement.com\\\/en\\\/#\\\/schema\\\/person\\\/f712f76023ae73602bb89760fca2304e\"},\"potentialAction\":[{\"@type\":\"SearchAction\",\"target\":{\"@type\":\"EntryPoint\",\"urlTemplate\":\"https:\\\/\\\/fluxmouvement.com\\\/en\\\/?s={search_term_string}\"},\"query-input\":{\"@type\":\"PropertyValueSpecification\",\"valueRequired\":true,\"valueName\":\"search_term_string\"}}],\"inLanguage\":\"en-US\"},{\"@type\":[\"Person\",\"Organization\"],\"@id\":\"https:\\\/\\\/fluxmouvement.com\\\/en\\\/#\\\/schema\\\/person\\\/f712f76023ae73602bb89760fca2304e\",\"name\":\"fluxmouvement\",\"image\":{\"@type\":\"ImageObject\",\"inLanguage\":\"en-US\",\"@id\":\"https:\\\/\\\/secure.gravatar.com\\\/avatar\\\/e7b143cb2db54bb8530e953135dc396634715fdf46c3a20fb313535ded39f343?s=96&d=mm&r=g\",\"url\":\"https:\\\/\\\/secure.gravatar.com\\\/avatar\\\/e7b143cb2db54bb8530e953135dc396634715fdf46c3a20fb313535ded39f343?s=96&d=mm&r=g\",\"contentUrl\":\"https:\\\/\\\/secure.gravatar.com\\\/avatar\\\/e7b143cb2db54bb8530e953135dc396634715fdf46c3a20fb313535ded39f343?s=96&d=mm&r=g\",\"caption\":\"fluxmouvement\"},\"logo\":{\"@id\":\"https:\\\/\\\/secure.gravatar.com\\\/avatar\\\/e7b143cb2db54bb8530e953135dc396634715fdf46c3a20fb313535ded39f343?s=96&d=mm&r=g\"}}]}<\/script>\n<!-- \/ Yoast SEO plugin. -->","yoast_head_json":{"title":"Contact - Marie-France Garon : ost\u00e9opathie et pilates","description":"Prendre rendez-vous avec Marie-France Garon, ost\u00e9opathe et instructeure Pilates.","robots":{"index":"index","follow":"follow","max-snippet":"max-snippet:-1","max-image-preview":"max-image-preview:large","max-video-preview":"max-video-preview:-1"},"canonical":"https:\/\/fluxmouvement.com\/en\/contact\/","og_locale":"en_US","og_type":"article","og_title":"Contact - Marie-France Garon : ost\u00e9opathie et pilates","og_description":"Prendre rendez-vous avec Marie-France Garon, ost\u00e9opathe et instructeure Pilates.","og_url":"https:\/\/fluxmouvement.com\/en\/contact\/","og_site_name":"Marie-France Garon : ost\u00e9opathie et pilates","article_modified_time":"2024-05-05T23:19:19+00:00","og_image":[{"width":2000,"height":1335,"url":"https:\/\/fluxmouvement.com\/wp-content\/uploads\/2021\/06\/WEB_M-F_10.jpeg","type":"image\/jpeg"}],"twitter_card":"summary_large_image","twitter_misc":{"Est. reading time":"1 minute"},"schema":{"@context":"https:\/\/schema.org","@graph":[{"@type":"WebPage","@id":"https:\/\/fluxmouvement.com\/en\/contact\/","url":"https:\/\/fluxmouvement.com\/en\/contact\/","name":"Contact - Marie-France Garon : ost\u00e9opathie et pilates","isPartOf":{"@id":"https:\/\/fluxmouvement.com\/en\/#website"},"datePublished":"2021-07-13T14:00:39+00:00","dateModified":"2024-05-05T23:19:19+00:00","description":"Prendre rendez-vous avec Marie-France Garon, ost\u00e9opathe et instructeure Pilates.","breadcrumb":{"@id":"https:\/\/fluxmouvement.com\/en\/contact\/#breadcrumb"},"inLanguage":"en-US","potentialAction":[{"@type":"ReadAction","target":["https:\/\/fluxmouvement.com\/en\/contact\/"]}]},{"@type":"BreadcrumbList","@id":"https:\/\/fluxmouvement.com\/en\/contact\/#breadcrumb","itemListElement":[{"@type":"ListItem","position":1,"name":"Home","item":"https:\/\/fluxmouvement.com\/en\/home\/"},{"@type":"ListItem","position":2,"name":"Contact"}]},{"@type":"WebSite","@id":"https:\/\/fluxmouvement.com\/en\/#website","url":"https:\/\/fluxmouvement.com\/en\/","name":"Marie-France Garon : ost\u00e9opathie et pilates","description":"Site des services offerts par Marie-France Garon : s\u00e9ances d&#039;ost\u00e9opathie et cours de pilates, \u00e0 Montr\u00e9al. R\u00e9servez en ligne d\u00e8s maintenant.","publisher":{"@id":"https:\/\/fluxmouvement.com\/en\/#\/schema\/person\/f712f76023ae73602bb89760fca2304e"},"potentialAction":[{"@type":"SearchAction","target":{"@type":"EntryPoint","urlTemplate":"https:\/\/fluxmouvement.com\/en\/?s={search_term_string}"},"query-input":{"@type":"PropertyValueSpecification","valueRequired":true,"valueName":"search_term_string"}}],"inLanguage":"en-US"},{"@type":["Person","Organization"],"@id":"https:\/\/fluxmouvement.com\/en\/#\/schema\/person\/f712f76023ae73602bb89760fca2304e","name":"fluxmouvement","image":{"@type":"ImageObject","inLanguage":"en-US","@id":"https:\/\/secure.gravatar.com\/avatar\/e7b143cb2db54bb8530e953135dc396634715fdf46c3a20fb313535ded39f343?s=96&d=mm&r=g","url":"https:\/\/secure.gravatar.com\/avatar\/e7b143cb2db54bb8530e953135dc396634715fdf46c3a20fb313535ded39f343?s=96&d=mm&r=g","contentUrl":"https:\/\/secure.gravatar.com\/avatar\/e7b143cb2db54bb8530e953135dc396634715fdf46c3a20fb313535ded39f343?s=96&d=mm&r=g","caption":"fluxmouvement"},"logo":{"@id":"https:\/\/secure.gravatar.com\/avatar\/e7b143cb2db54bb8530e953135dc396634715fdf46c3a20fb313535ded39f343?s=96&d=mm&r=g"}}]}},"_links":{"self":[{"href":"https:\/\/fluxmouvement.com\/en\/wp-json\/wp\/v2\/pages\/3997","targetHints":{"allow":["GET"]}}],"collection":[{"href":"https:\/\/fluxmouvement.com\/en\/wp-json\/wp\/v2\/pages"}],"about":[{"href":"https:\/\/fluxmouvement.com\/en\/wp-json\/wp\/v2\/types\/page"}],"author":[{"embeddable":true,"href":"https:\/\/fluxmouvement.com\/en\/wp-json\/wp\/v2\/users\/2"}],"replies":[{"embeddable":true,"href":"https:\/\/fluxmouvement.com\/en\/wp-json\/wp\/v2\/comments?post=3997"}],"version-history":[{"count":27,"href":"https:\/\/fluxmouvement.com\/en\/wp-json\/wp\/v2\/pages\/3997\/revisions"}],"predecessor-version":[{"id":4593,"href":"https:\/\/fluxmouvement.com\/en\/wp-json\/wp\/v2\/pages\/3997\/revisions\/4593"}],"wp:attachment":[{"href":"https:\/\/fluxmouvement.com\/en\/wp-json\/wp\/v2\/media?parent=3997"}],"curies":[{"name":"wp","href":"https:\/\/api.w.org\/{rel}","templated":true}]}}